{"id":7,"date":"2018-01-10T11:14:47","date_gmt":"2018-01-10T10:14:47","guid":{"rendered":"https:\/\/www.krafthand.de\/truck\/?page_id=7"},"modified":"2026-03-05T16:07:46","modified_gmt":"2026-03-05T15:07:46","slug":"magazin","status":"publish","type":"page","link":"https:\/\/www.krafthand.de\/truck\/magazin\/","title":{"rendered":"Magazin"},"content":{"rendered":"\t\t<div data-elementor-type=\"wp-post\" data-elementor-id=\"7\" class=\"elementor elementor-7\" data-elementor-post-type=\"page\">\n\t\t\t\t\t\t<section class=\"elementor-section elementor-top-section elementor-element elementor-element-442ba98 elementor-section-boxed elementor-section-height-default elementor-section-height-default\" data-id=\"442ba98\" data-element_type=\"section\" data-e-type=\"section\">\n\t\t\t\t\t\t<div class=\"elementor-container elementor-column-gap-default\">\n\t\t\t\t\t<div class=\"elementor-column elementor-col-100 elementor-top-column elementor-element elementor-element-9bbbfbd\" data-id=\"9bbbfbd\" data-element_type=\"column\" data-e-type=\"column\">\n\t\t\t<div class=\"elementor-widget-wrap elementor-element-populated\">\n\t\t\t\t\t\t<div class=\"elementor-element elementor-element-28a4d5f elementor-widget elementor-widget-heading\" data-id=\"28a4d5f\" data-element_type=\"widget\" data-e-type=\"widget\" data-widget_type=\"heading.default\">\n\t\t\t\t<div class=\"elementor-widget-container\">\n\t\t\t\t\t<h1 class=\"elementor-heading-title elementor-size-default\">Krafthand-Truck - Das Magazin<\/h1>\t\t\t\t<\/div>\n\t\t\t\t<\/div>\n\t\t\t\t<div class=\"elementor-element elementor-element-b6587f0 elementor-widget elementor-widget-text-editor\" data-id=\"b6587f0\" data-element_type=\"widget\" data-e-type=\"widget\" data-widget_type=\"text-editor.default\">\n\t\t\t\t<div class=\"elementor-widget-container\">\n\t\t\t\t\t\t\t\t\t<h4>Das Magazin-Profil<\/h4>\n<p>Die Krafthand-Truck (KHT) ist der unabh\u00e4ngige und technologieoffene Ratgeber f\u00fcr praxisorientierte Technik-Spezialisten, speziell&nbsp; in den Bereichen Nutzfahrzeuge und Transporter ab 3,5 Tonnen. Wir bauen die Br\u00fccke zwischen den praxisorientierten Herausforderungen in der Nutzfahrzeug-Werkstatt hin zur technischen Entwicklung. <i><\/i><\/p>\n<blockquote>\n<p>&#8222;Technik erkl\u00e4ren, Menschen mitnehmen, am Ende f\u00fcr Begeisterung sorgen.&#8220;<\/p>\n<\/blockquote>\n<h4>Die inhaltliche Positionierung<\/h4>\n<p>Inhaltlich setzen wir neue Schwerpunkte, ohne den zentralen Fokus auf den Service, die Wartung und Reparatur von Nutzfahrzeugen und&nbsp;den Nutzfahrzeug-Aftermarket (Nfz-Aftermarket)&nbsp;aus den Augen zu verlieren. Unser Blick ist zus\u00e4tzlich auf die Lkw-Technik, die Entwicklung, auf alternative Antriebstechnologien (H2-ICE, BEV, FCEV, Hybrid-Lkw), die Fahrzeugvernetzung (software-definierte Lkw) sowie die Werkstatt- und Lkw-Logistik und das Flottenmanagement gerichtet.&nbsp;<\/p>\n<blockquote>\n<p>&#8222;Die Krafthand-Truck (KHT)&nbsp; ist Navigationshilfe, macht Entwicklungen transparent und dient der Orientierung in einem hochdynamischen Markt.&#8220;&nbsp;<\/p>\n<\/blockquote>\n<h4>Die Zielgruppen<\/h4>\n<p>Zu unseren Zielgruppen geh\u00f6ren Nfz-Mechatroniker, Techniker, Meister, Werkstatt-, Betriebs- und Fuhrparkleiter, Flottenmanager, entsprechende Fachingenieure, Vertreter des Teilehandels, der Zuliefererindustrie, der Nutzfahrzeug-Hersteller sowie alle angegliederten (IT-\/Telematik-) Dienstleister und Verb\u00e4nde.<\/p>\t\t\t\t\t\t\t\t<\/div>\n\t\t\t\t<\/div>\n\t\t\t\t<div class=\"elementor-element elementor-element-4a3d862 elementor-widget-divider--view-line elementor-widget elementor-widget-divider\" data-id=\"4a3d862\" data-element_type=\"widget\" data-e-type=\"widget\" data-widget_type=\"divider.default\">\n\t\t\t\t<div class=\"elementor-widget-container\">\n\t\t\t\t\t\t\t<div class=\"elementor-divider\">\n\t\t\t<span class=\"elementor-divider-separator\">\n\t\t\t\t\t\t<\/span>\n\t\t<\/div>\n\t\t\t\t\t\t<\/div>\n\t\t\t\t<\/div>\n\t\t\t\t\t<\/div>\n\t\t<\/div>\n\t\t\t\t\t<\/div>\n\t\t<\/section>\n\t\t\t\t<section class=\"elementor-section elementor-top-section elementor-element elementor-element-fe1f588 elementor-section-boxed elementor-section-height-default elementor-section-height-default\" data-id=\"fe1f588\" data-element_type=\"section\" data-e-type=\"section\">\n\t\t\t\t\t\t<div class=\"elementor-container elementor-column-gap-default\">\n\t\t\t\t\t<div class=\"elementor-column elementor-col-50 elementor-top-column elementor-element elementor-element-042b263\" data-id=\"042b263\" data-element_type=\"column\" data-e-type=\"column\">\n\t\t\t<div class=\"elementor-widget-wrap elementor-element-populated\">\n\t\t\t\t\t\t<div class=\"elementor-element elementor-element-8f4c3e3 elementor-widget elementor-widget-text-editor\" data-id=\"8f4c3e3\" data-element_type=\"widget\" data-e-type=\"widget\" data-widget_type=\"text-editor.default\">\n\t\t\t\t<div class=\"elementor-widget-container\">\n\t\t\t\t\t\t\t\t\t<p><strong>Die Ausgabe 1\/2026 der Krafthand-Truck erscheint am 18.3.2026<br><\/strong><\/p>\n<p>Folgende Themen (Auszug) werden behandelt:<\/p>\n<p><strong style=\"color: var( --e-global-color-text );\">Service | Diagnose<\/strong><\/p>\n<ul>\n<li>Gradmesser I Temperatursensoren und Diagnose<\/li>\n<li>Schalten und Walten I Getriebeservice und Optionen<\/li>\n<li>Blickpunkt Bremse Teil 2 I Schadensbilder und Ursachen<\/li>\n<\/ul>\n<p><strong style=\"color: var( --e-global-color-text );\">Technik | Wartung | Entwicklung<\/strong><\/p>\n<ul>\n<li>XG und XG+ I DAF erweitert batterieelektrische Baureihe&nbsp;<\/li>\n<li>Partner der Nutzfahrzeugbranche<\/li>\n<\/ul>\n<p><strong>Werkstatt-IT | Telematik<\/strong><\/p>\n<ul>\n<li>H\u00f6chste Feuerwehr! I Das Management von Einsatzfahrzeugen&nbsp;<\/li>\n<\/ul>\n<p><strong style=\"color: var( --e-global-color-text );\">Teile | Systeme<\/strong><\/p>\n<ul>\n<li>Leichter Rangieren I Smart-Steering-Control von SAF Holland<\/li>\n<li>Weniger Reibung I Kraftstoffeinsparung durch moderne Radlager<\/li>\n<li>Forvia HELLA I Aftermarket-Parts, Thermomanagement und Lichttechnik<\/li>\n<li>Welte Cardan-Service I Mittelwellenlager<\/li>\n<\/ul>\n<p><strong>Ausr\u00fcstung | Tools<br><\/strong><\/p>\n<ul>\n<li>N\u00fctzliche (Spezial-) Werkzeuge f\u00fcr den Werkstattalltag<\/li>\n<\/ul>\n<p><strong>Branche | Unternehmen<\/strong><\/p>\n<ul>\n<li>Exklusiv: 3# Roundtable Nfz-Aftermarket (Bosch, Mahle, Knorr-Bremse)<\/li>\n<li><span style=\"color: var( --e-global-color-text );\">Partner der N<\/span>fz-Branche I KS Tools<\/li>\n<li>Exklusiv: Im Gespr\u00e4ch mit Kevin Eichele I SANY Trucks Europe&nbsp;<\/li>\n<li>Werkstatt-Heizung I Deckenstrahlplatten als Alternative<\/li>\n<\/ul>\t\t\t\t\t\t\t\t<\/div>\n\t\t\t\t<\/div>\n\t\t\t\t\t<\/div>\n\t\t<\/div>\n\t\t\t\t<div class=\"elementor-column elementor-col-50 elementor-top-column elementor-element elementor-element-3ff7e57\" data-id=\"3ff7e57\" data-element_type=\"column\" data-e-type=\"column\">\n\t\t\t<div class=\"elementor-widget-wrap elementor-element-populated\">\n\t\t\t\t\t\t<div class=\"elementor-element elementor-element-a985a80 elementor-widget elementor-widget-image\" data-id=\"a985a80\" data-element_type=\"widget\" data-e-type=\"widget\" data-widget_type=\"image.default\">\n\t\t\t\t<div class=\"elementor-widget-container\">\n\t\t\t\t\t\t\t\t\t\t\t\t<figure class=\"wp-caption\">\n\t\t\t\t\t\t\t\t\t\t<img fetchpriority=\"high\" decoding=\"async\" width=\"665\" height=\"907\" src=\"https:\/\/static.krafthand-truck.de\/uploads\/2026\/03\/Krafthand_Truck_1_2026_Titel_3D-751x1024.jpg\" class=\"attachment-large size-large wp-image-45594\" alt=\"Krafthand-Truck - Ausgabe 1-2026\" srcset=\"https:\/\/static.krafthand-truck.de\/uploads\/2026\/03\/Krafthand_Truck_1_2026_Titel_3D-751x1024.jpg 751w, https:\/\/static.krafthand-truck.de\/uploads\/2026\/03\/Krafthand_Truck_1_2026_Titel_3D-220x300.jpg 220w, https:\/\/static.krafthand-truck.de\/uploads\/2026\/03\/Krafthand_Truck_1_2026_Titel_3D-768x1047.jpg 768w, https:\/\/static.krafthand-truck.de\/uploads\/2026\/03\/Krafthand_Truck_1_2026_Titel_3D-1127x1536.jpg 1127w, https:\/\/static.krafthand-truck.de\/uploads\/2026\/03\/Krafthand_Truck_1_2026_Titel_3D.jpg 1200w\" sizes=\"(max-width: 665px) 100vw, 665px\" \/>\t\t\t\t\t\t\t\t\t\t\t<figcaption class=\"widget-image-caption wp-caption-text\">Die Krafthand-Truck - Ausgabe 1-2026<\/figcaption>\n\t\t\t\t\t\t\t\t\t\t<\/figure>\n\t\t\t\t\t\t\t\t\t<\/div>\n\t\t\t\t<\/div>\n\t\t\t\t\t<\/div>\n\t\t<\/div>\n\t\t\t\t\t<\/div>\n\t\t<\/section>\n\t\t\t\t<section class=\"elementor-section elementor-top-section elementor-element elementor-element-e0ee243 elementor-section-boxed elementor-section-height-default elementor-section-height-default\" data-id=\"e0ee243\" data-element_type=\"section\" data-e-type=\"section\">\n\t\t\t\t\t\t<div class=\"elementor-container elementor-column-gap-default\">\n\t\t\t\t\t<div class=\"elementor-column elementor-col-100 elementor-top-column elementor-element elementor-element-77d67ab\" data-id=\"77d67ab\" data-element_type=\"column\" data-e-type=\"column\">\n\t\t\t<div class=\"elementor-widget-wrap elementor-element-populated\">\n\t\t\t\t\t\t<div class=\"elementor-element elementor-element-7bcf889 elementor-widget-divider--view-line elementor-widget elementor-widget-divider\" data-id=\"7bcf889\" data-element_type=\"widget\" data-e-type=\"widget\" data-widget_type=\"divider.default\">\n\t\t\t\t<div class=\"elementor-widget-container\">\n\t\t\t\t\t\t\t<div class=\"elementor-divider\">\n\t\t\t<span class=\"elementor-divider-separator\">\n\t\t\t\t\t\t<\/span>\n\t\t<\/div>\n\t\t\t\t\t\t<\/div>\n\t\t\t\t<\/div>\n\t\t\t\t<div class=\"elementor-element elementor-element-ca45617 elementor-widget elementor-widget-text-editor\" data-id=\"ca45617\" data-element_type=\"widget\" data-e-type=\"widget\" data-widget_type=\"text-editor.default\">\n\t\t\t\t<div class=\"elementor-widget-container\">\n\t\t\t\t\t\t\t\t\t<p><b>Erscheinungsweise:<\/b><\/p>\n<p>4 Ausgaben j\u00e4hrlich <\/p>\n<p><b>Verbreitete Auflage:&nbsp;<\/b><br>15.500 Exemplare<\/p>\n<p><b>Abonnementpreis:<\/b><br>45,- EUR j\u00e4hrlich (inkl. 2,94 Euro USt. und 12,- Euro Versand, Inland | Ausland: zzgl. Versand)<\/p>\n<p>Die Krafthand-Truck ist ein unabh\u00e4ngiges, technisches Fachmagazin der Krafthand Medien GmbH. Das renommierte Verlagshaus bietet seit 1927 hochwertige Medienprodukte f\u00fcr die Kfz-Servicebranche, die Automobilwirtschaft und das Baugewerbe. Praxisn\u00e4he, Qualit\u00e4t und Nutzwert stehen dabei stets im Mittelpunkt.<\/p>\n<p><a href=\"http:\/\/www.krafthand-medien.de\" target=\"_blank\" rel=\"noopener\">www.krafthand-medien.de<\/a><\/p>\t\t\t\t\t\t\t\t<\/div>\n\t\t\t\t<\/div>\n\t\t\t\t\t<\/div>\n\t\t<\/div>\n\t\t\t\t\t<\/div>\n\t\t<\/section>\n\t\t\t\t<\/div>\n\t\t","protected":false},"excerpt":{"rendered":"<p>Krafthand-Truck &#8211; Das Magazin Das Magazin-Profil Die Krafthand-Truck (KHT) ist der unabh\u00e4ngige und technologieoffene Ratgeber f\u00fcr praxisorientierte Technik-Spezialisten, speziell&nbsp; in den Bereichen Nutzfahrzeuge und Transporter ab 3,5 Tonnen. Wir bauen die Br\u00fccke zwischen den praxisorientierten Herausforderungen in der Nutzfahrzeug-Werkstatt hin zur technischen Entwicklung. &#8222;Technik erkl\u00e4ren, Menschen mitnehmen, am Ende f\u00fcr Begeisterung sorgen.&#8220; Die inhaltliche Positionierung <span class=\"excerpt-more__dots\">&#8230;<\/span> <a class=\"excerpt-more__link\" href=\"https:\/\/www.krafthand.de\/truck\/magazin\/\" >weiter<\/a><\/p>\n","protected":false},"author":1,"featured_media":0,"parent":0,"menu_order":0,"comment_status":"closed","ping_status":"closed","template":"template-elementor.php","meta":{"footnotes":""},"class_list":["post-7","page","type-page","status-publish","hentry"],"yoast_head":"<!-- This site is optimized with the Yoast SEO plugin v27.3 - https:\/\/yoast.com\/product\/yoast-seo-wordpress\/ -->\n<title>Krafthand-Truck I Lkw-Technik I Lkw-Service I Nfz-Aftermarket<\/title>\n<meta name=\"description\" content=\"Die Krafthand-Truck richtet den Fokus auf den Nfz-Aftermarket, den Lkw-Service und die technische Entwicklung von Nutzfahrzeugen.\" \/>\n<meta name=\"robots\" content=\"index, follow, max-snippet:-1, max-image-preview:large, max-video-preview:-1\" \/>\n<link rel=\"canonical\" href=\"https:\/\/www.krafthand.de\/truck\/magazin\/\" \/>\n<meta property=\"og:locale\" content=\"de_DE\" \/>\n<meta property=\"og:type\" content=\"article\" \/>\n<meta property=\"og:title\" content=\"Krafthand-Truck\" \/>\n<meta property=\"og:description\" content=\"Die Krafthand-Truck ist das unabh\u00e4ngige, technische Fachmagazin f\u00fcr den Nfz-Aftermarket.\" \/>\n<meta property=\"og:url\" content=\"https:\/\/www.krafthand-truck.de\/magazin\/\" \/>\n<meta property=\"og:site_name\" content=\"Krafthand-Truck\" \/>\n<meta property=\"article:modified_time\" content=\"2026-03-05T15:07:46+00:00\" \/>\n<meta property=\"og:image\" content=\"https:\/\/static.krafthand-truck.de\/uploads\/2021\/03\/khtruck_logo_2021.png\" \/>\n\t<meta property=\"og:image:width\" content=\"776\" \/>\n\t<meta property=\"og:image:height\" content=\"329\" \/>\n\t<meta property=\"og:image:type\" content=\"image\/png\" \/>\n<meta name=\"twitter:card\" content=\"summary_large_image\" \/>\n<meta name=\"twitter:label1\" content=\"Gesch\u00e4tzte Lesezeit\" \/>\n\t<meta name=\"twitter:data1\" content=\"3\u00a0Minuten\" \/>\n<script type=\"application\/ld+json\" class=\"yoast-schema-graph\">{\"@context\":\"https:\\\/\\\/schema.org\",\"@graph\":[{\"@type\":\"WebPage\",\"@id\":\"https:\\\/\\\/www.krafthand.de\\\/truck\\\/magazin\\\/\",\"url\":\"https:\\\/\\\/www.krafthand.de\\\/truck\\\/magazin\\\/\",\"name\":\"Krafthand-Truck I Lkw-Technik I Lkw-Service I Nfz-Aftermarket\",\"isPartOf\":{\"@id\":\"https:\\\/\\\/www.krafthand.de\\\/truck\\\/#website\"},\"primaryImageOfPage\":{\"@id\":\"https:\\\/\\\/www.krafthand.de\\\/truck\\\/magazin\\\/#primaryimage\"},\"image\":{\"@id\":\"https:\\\/\\\/www.krafthand.de\\\/truck\\\/magazin\\\/#primaryimage\"},\"thumbnailUrl\":\"https:\\\/\\\/static.krafthand-truck.de\\\/uploads\\\/2026\\\/03\\\/Krafthand_Truck_1_2026_Titel_3D-751x1024.jpg\",\"datePublished\":\"2018-01-10T10:14:47+00:00\",\"dateModified\":\"2026-03-05T15:07:46+00:00\",\"description\":\"Die Krafthand-Truck richtet den Fokus auf den Nfz-Aftermarket, den Lkw-Service und die technische Entwicklung von Nutzfahrzeugen.\",\"breadcrumb\":{\"@id\":\"https:\\\/\\\/www.krafthand.de\\\/truck\\\/magazin\\\/#breadcrumb\"},\"inLanguage\":\"de\",\"potentialAction\":[{\"@type\":\"ReadAction\",\"target\":[\"https:\\\/\\\/www.krafthand.de\\\/truck\\\/magazin\\\/\"]}]},{\"@type\":\"ImageObject\",\"inLanguage\":\"de\",\"@id\":\"https:\\\/\\\/www.krafthand.de\\\/truck\\\/magazin\\\/#primaryimage\",\"url\":\"https:\\\/\\\/static.krafthand-truck.de\\\/uploads\\\/2026\\\/03\\\/Krafthand_Truck_1_2026_Titel_3D-751x1024.jpg\",\"contentUrl\":\"https:\\\/\\\/static.krafthand-truck.de\\\/uploads\\\/2026\\\/03\\\/Krafthand_Truck_1_2026_Titel_3D-751x1024.jpg\"},{\"@type\":\"BreadcrumbList\",\"@id\":\"https:\\\/\\\/www.krafthand.de\\\/truck\\\/magazin\\\/#breadcrumb\",\"itemListElement\":[{\"@type\":\"ListItem\",\"position\":1,\"name\":\"Krafthand-Truck\",\"item\":\"https:\\\/\\\/www.krafthand.de\\\/truck\\\/\"},{\"@type\":\"ListItem\",\"position\":2,\"name\":\"Magazin\"}]},{\"@type\":\"WebSite\",\"@id\":\"https:\\\/\\\/www.krafthand.de\\\/truck\\\/#website\",\"url\":\"https:\\\/\\\/www.krafthand.de\\\/truck\\\/\",\"name\":\"Krafthand-Truck\",\"description\":\"\",\"potentialAction\":[{\"@type\":\"SearchAction\",\"target\":{\"@type\":\"EntryPoint\",\"urlTemplate\":\"https:\\\/\\\/www.krafthand.de\\\/truck\\\/?s={search_term_string}\"},\"query-input\":{\"@type\":\"PropertyValueSpecification\",\"valueRequired\":true,\"valueName\":\"search_term_string\"}}],\"inLanguage\":\"de\"}]}<\/script>\n<!-- \/ Yoast SEO plugin. -->","yoast_head_json":{"title":"Krafthand-Truck I Lkw-Technik I Lkw-Service I Nfz-Aftermarket","description":"Die Krafthand-Truck richtet den Fokus auf den Nfz-Aftermarket, den Lkw-Service und die technische Entwicklung von Nutzfahrzeugen.","robots":{"index":"index","follow":"follow","max-snippet":"max-snippet:-1","max-image-preview":"max-image-preview:large","max-video-preview":"max-video-preview:-1"},"canonical":"https:\/\/www.krafthand.de\/truck\/magazin\/","og_locale":"de_DE","og_type":"article","og_title":"Krafthand-Truck","og_description":"Die Krafthand-Truck ist das unabh\u00e4ngige, technische Fachmagazin f\u00fcr den Nfz-Aftermarket.","og_url":"https:\/\/www.krafthand-truck.de\/magazin\/","og_site_name":"Krafthand-Truck","article_modified_time":"2026-03-05T15:07:46+00:00","og_image":[{"width":776,"height":329,"url":"https:\/\/static.krafthand-truck.de\/uploads\/2021\/03\/khtruck_logo_2021.png","type":"image\/png"}],"twitter_card":"summary_large_image","twitter_misc":{"Gesch\u00e4tzte Lesezeit":"3\u00a0Minuten"},"schema":{"@context":"https:\/\/schema.org","@graph":[{"@type":"WebPage","@id":"https:\/\/www.krafthand.de\/truck\/magazin\/","url":"https:\/\/www.krafthand.de\/truck\/magazin\/","name":"Krafthand-Truck I Lkw-Technik I Lkw-Service I Nfz-Aftermarket","isPartOf":{"@id":"https:\/\/www.krafthand.de\/truck\/#website"},"primaryImageOfPage":{"@id":"https:\/\/www.krafthand.de\/truck\/magazin\/#primaryimage"},"image":{"@id":"https:\/\/www.krafthand.de\/truck\/magazin\/#primaryimage"},"thumbnailUrl":"https:\/\/static.krafthand-truck.de\/uploads\/2026\/03\/Krafthand_Truck_1_2026_Titel_3D-751x1024.jpg","datePublished":"2018-01-10T10:14:47+00:00","dateModified":"2026-03-05T15:07:46+00:00","description":"Die Krafthand-Truck richtet den Fokus auf den Nfz-Aftermarket, den Lkw-Service und die technische Entwicklung von Nutzfahrzeugen.","breadcrumb":{"@id":"https:\/\/www.krafthand.de\/truck\/magazin\/#breadcrumb"},"inLanguage":"de","potentialAction":[{"@type":"ReadAction","target":["https:\/\/www.krafthand.de\/truck\/magazin\/"]}]},{"@type":"ImageObject","inLanguage":"de","@id":"https:\/\/www.krafthand.de\/truck\/magazin\/#primaryimage","url":"https:\/\/static.krafthand-truck.de\/uploads\/2026\/03\/Krafthand_Truck_1_2026_Titel_3D-751x1024.jpg","contentUrl":"https:\/\/static.krafthand-truck.de\/uploads\/2026\/03\/Krafthand_Truck_1_2026_Titel_3D-751x1024.jpg"},{"@type":"BreadcrumbList","@id":"https:\/\/www.krafthand.de\/truck\/magazin\/#breadcrumb","itemListElement":[{"@type":"ListItem","position":1,"name":"Krafthand-Truck","item":"https:\/\/www.krafthand.de\/truck\/"},{"@type":"ListItem","position":2,"name":"Magazin"}]},{"@type":"WebSite","@id":"https:\/\/www.krafthand.de\/truck\/#website","url":"https:\/\/www.krafthand.de\/truck\/","name":"Krafthand-Truck","description":"","potentialAction":[{"@type":"SearchAction","target":{"@type":"EntryPoint","urlTemplate":"https:\/\/www.krafthand.de\/truck\/?s={search_term_string}"},"query-input":{"@type":"PropertyValueSpecification","valueRequired":true,"valueName":"search_term_string"}}],"inLanguage":"de"}]}},"_links":{"self":[{"href":"https:\/\/www.krafthand.de\/truck\/wp-json\/wp\/v2\/pages\/7","targetHints":{"allow":["GET"]}}],"collection":[{"href":"https:\/\/www.krafthand.de\/truck\/wp-json\/wp\/v2\/pages"}],"about":[{"href":"https:\/\/www.krafthand.de\/truck\/wp-json\/wp\/v2\/types\/page"}],"author":[{"embeddable":true,"href":"https:\/\/www.krafthand.de\/truck\/wp-json\/wp\/v2\/users\/1"}],"replies":[{"embeddable":true,"href":"https:\/\/www.krafthand.de\/truck\/wp-json\/wp\/v2\/comments?post=7"}],"version-history":[{"count":766,"href":"https:\/\/www.krafthand.de\/truck\/wp-json\/wp\/v2\/pages\/7\/revisions"}],"predecessor-version":[{"id":45597,"href":"https:\/\/www.krafthand.de\/truck\/wp-json\/wp\/v2\/pages\/7\/revisions\/45597"}],"wp:attachment":[{"href":"https:\/\/www.krafthand.de\/truck\/wp-json\/wp\/v2\/media?parent=7"}],"curies":[{"name":"wp","href":"https:\/\/api.w.org\/{rel}","templated":true}]}}