{"id":11,"date":"2018-01-10T11:15:10","date_gmt":"2018-01-10T10:15:10","guid":{"rendered":"https:\/\/www.krafthand.de\/truck\/?page_id=11"},"modified":"2026-02-02T15:26:05","modified_gmt":"2026-02-02T14:26:05","slug":"abo","status":"publish","type":"page","link":"https:\/\/www.krafthand.de\/truck\/abo\/","title":{"rendered":"Abo"},"content":{"rendered":"\t\t<div data-elementor-type=\"wp-post\" data-elementor-id=\"11\" class=\"elementor elementor-11\" data-elementor-post-type=\"page\">\n\t\t\t\t\t\t<section class=\"elementor-section elementor-top-section elementor-element elementor-element-21ef308 elementor-section-boxed elementor-section-height-default elementor-section-height-default\" data-id=\"21ef308\" data-element_type=\"section\" data-e-type=\"section\">\n\t\t\t\t\t\t<div class=\"elementor-container elementor-column-gap-default\">\n\t\t\t\t\t<div class=\"elementor-column elementor-col-50 elementor-top-column elementor-element elementor-element-401678a\" data-id=\"401678a\" data-element_type=\"column\" data-e-type=\"column\">\n\t\t\t<div class=\"elementor-widget-wrap elementor-element-populated\">\n\t\t\t\t\t\t<div class=\"elementor-element elementor-element-fce5dec elementor-widget elementor-widget-text-editor\" data-id=\"fce5dec\" data-element_type=\"widget\" data-e-type=\"widget\" data-widget_type=\"text-editor.default\">\n\t\t\t\t<div class=\"elementor-widget-container\">\n\t\t\t\t\t\t\t\t\t<p><strong>Die Krafthand-Truck ist der verl\u00e4ssliche Ratgeber f\u00fcr praxisorientierte Technik-Spezialisten, speziell\u00a0 in den Bereichen Nutzfahrzeuge und Transporter ab 3,5 Tonnen.<\/strong><\/p><p>Die redaktionellen Schwerpunkte liegen auf den Themenbereichen Service+ Diagnose, Technik+Wartung+Entwicklung, Werkstatt-IT+Telematik, Nfz-Teile+Systeme sowie Werkstattausr\u00fcstung+Tools.<\/p><p><b>Erscheinungsweise:<\/b><\/p><p>4 Ausgaben j\u00e4hrlich<\/p><p><b>Erscheinungstermine<\/b><\/p><ul><li><b>Mittwoch, 18. M\u00e4rz 2026<\/b><\/li><\/ul><ul><li><b>Mittwoch, 03. Juni 2026<\/b><\/li><\/ul><ul><li><b>Mittwoch, 02. September 2026<\/b><\/li><\/ul><ul><li><b>Mittwoch, 25. November 2026<\/b><\/li><\/ul><p><b>Verbreitete Auflage:<\/b> 14.000 Exemplare<\/p><p><b>Abonnementpreis:<\/b><br \/>45,- Euro j\u00e4hrlich<br \/>(inkl. 2,94 Euro UST. und 12,- Euro Versand, Inland | Ausland: zzgl. Versand)<\/p>\t\t\t\t\t\t\t\t<\/div>\n\t\t\t\t<\/div>\n\t\t\t\t\t<\/div>\n\t\t<\/div>\n\t\t\t\t<div class=\"elementor-column elementor-col-50 elementor-top-column elementor-element elementor-element-8db30b8\" data-id=\"8db30b8\" data-element_type=\"column\" data-e-type=\"column\">\n\t\t\t<div class=\"elementor-widget-wrap elementor-element-populated\">\n\t\t\t\t\t\t<div class=\"elementor-element elementor-element-a3f6b31 elementor-widget elementor-widget-image\" data-id=\"a3f6b31\" data-element_type=\"widget\" data-e-type=\"widget\" data-widget_type=\"image.default\">\n\t\t\t\t<div class=\"elementor-widget-container\">\n\t\t\t\t\t\t\t\t\t\t\t\t<figure class=\"wp-caption\">\n\t\t\t\t\t\t\t\t\t\t<img fetchpriority=\"high\" decoding=\"async\" width=\"665\" height=\"907\" src=\"https:\/\/static.krafthand-truck.de\/uploads\/2023\/03\/Krafthand_Truck_3_2022-768x1047.jpg\" class=\"attachment-medium_large size-medium_large wp-image-35517\" alt=\"Krafthand-Truck, TEXA\" srcset=\"https:\/\/static.krafthand-truck.de\/uploads\/2023\/03\/Krafthand_Truck_3_2022-768x1047.jpg 768w, https:\/\/static.krafthand-truck.de\/uploads\/2023\/03\/Krafthand_Truck_3_2022-220x300.jpg 220w, https:\/\/static.krafthand-truck.de\/uploads\/2023\/03\/Krafthand_Truck_3_2022-751x1024.jpg 751w, https:\/\/static.krafthand-truck.de\/uploads\/2023\/03\/Krafthand_Truck_3_2022-1127x1536.jpg 1127w, https:\/\/static.krafthand-truck.de\/uploads\/2023\/03\/Krafthand_Truck_3_2022.jpg 1200w\" sizes=\"(max-width: 665px) 100vw, 665px\" \/>\t\t\t\t\t\t\t\t\t\t\t<figcaption class=\"widget-image-caption wp-caption-text\">Die neue Krafthand-Truck<\/figcaption>\n\t\t\t\t\t\t\t\t\t\t<\/figure>\n\t\t\t\t\t\t\t\t\t<\/div>\n\t\t\t\t<\/div>\n\t\t\t\t\t<\/div>\n\t\t<\/div>\n\t\t\t\t\t<\/div>\n\t\t<\/section>\n\t\t\t\t<section class=\"elementor-section elementor-inner-section elementor-element elementor-element-2f1397e1 elementor-section-boxed elementor-section-height-default elementor-section-height-default\" data-id=\"2f1397e1\" data-element_type=\"section\" data-e-type=\"section\">\n\t\t\t\t\t\t<div class=\"elementor-container elementor-column-gap-default\">\n\t\t\t\t\t<div class=\"elementor-column elementor-col-50 elementor-inner-column elementor-element elementor-element-182328ed\" data-id=\"182328ed\" data-element_type=\"column\" data-e-type=\"column\">\n\t\t\t<div class=\"elementor-widget-wrap elementor-element-populated\">\n\t\t\t\t\t\t<div class=\"elementor-element elementor-element-77769ba6 elementor-align-justify elementor-widget elementor-widget-button\" data-id=\"77769ba6\" data-element_type=\"widget\" data-e-type=\"widget\" data-widget_type=\"button.default\">\n\t\t\t\t<div class=\"elementor-widget-container\">\n\t\t\t\t\t\t\t\t\t<div class=\"elementor-button-wrapper\">\n\t\t\t\t\t<a class=\"elementor-button elementor-button-link elementor-size-lg\" href=\"https:\/\/www.krafthand.de\/truck\/abo\/bestellung-jahresabo\/\">\n\t\t\t\t\t\t<span class=\"elementor-button-content-wrapper\">\n\t\t\t\t\t\t\t\t\t<span class=\"elementor-button-text\">Jahresabo bestellen<\/span>\n\t\t\t\t\t<\/span>\n\t\t\t\t\t<\/a>\n\t\t\t\t<\/div>\n\t\t\t\t\t\t\t\t<\/div>\n\t\t\t\t<\/div>\n\t\t\t\t\t<\/div>\n\t\t<\/div>\n\t\t\t\t<div class=\"elementor-column elementor-col-50 elementor-inner-column elementor-element elementor-element-7c329643\" data-id=\"7c329643\" data-element_type=\"column\" data-e-type=\"column\">\n\t\t\t<div class=\"elementor-widget-wrap elementor-element-populated\">\n\t\t\t\t\t\t<div class=\"elementor-element elementor-element-394dd7d elementor-align-justify elementor-widget elementor-widget-button\" data-id=\"394dd7d\" data-element_type=\"widget\" data-e-type=\"widget\" data-widget_type=\"button.default\">\n\t\t\t\t<div class=\"elementor-widget-container\">\n\t\t\t\t\t\t\t\t\t<div class=\"elementor-button-wrapper\">\n\t\t\t\t\t<a class=\"elementor-button elementor-button-link elementor-size-lg\" href=\"https:\/\/www.krafthand.de\/truck\/abo\/probeheft-anfordern\/\">\n\t\t\t\t\t\t<span class=\"elementor-button-content-wrapper\">\n\t\t\t\t\t\t\t\t\t<span class=\"elementor-button-text\">Kostenfreies Probeheft anfordern<\/span>\n\t\t\t\t\t<\/span>\n\t\t\t\t\t<\/a>\n\t\t\t\t<\/div>\n\t\t\t\t\t\t\t\t<\/div>\n\t\t\t\t<\/div>\n\t\t\t\t\t<\/div>\n\t\t<\/div>\n\t\t\t\t\t<\/div>\n\t\t<\/section>\n\t\t\t\t<section class=\"elementor-section elementor-top-section elementor-element elementor-element-f0fd426 elementor-section-boxed elementor-section-height-default elementor-section-height-default\" data-id=\"f0fd426\" data-element_type=\"section\" data-e-type=\"section\">\n\t\t\t\t\t\t<div class=\"elementor-container elementor-column-gap-default\">\n\t\t\t\t\t<div class=\"elementor-column elementor-col-100 elementor-top-column elementor-element elementor-element-13e413f\" data-id=\"13e413f\" data-element_type=\"column\" data-e-type=\"column\">\n\t\t\t<div class=\"elementor-widget-wrap elementor-element-populated\">\n\t\t\t\t\t\t<div class=\"elementor-element elementor-element-8f0cffb elementor-widget elementor-widget-text-editor\" data-id=\"8f0cffb\" data-element_type=\"widget\" data-e-type=\"widget\" data-widget_type=\"text-editor.default\">\n\t\t\t\t<div class=\"elementor-widget-container\">\n\t\t\t\t\t\t\t\t\t<h2>Ihr Kontakt zum Krafthand-Truck Abo-Service:<\/h2><p><span id=\"powermail_field_uid129\"><b>Abo-Service:<\/b><br \/>Telefon 08247\/3007-23 | Fax 08247\/3007-57<\/span><\/p>\t\t\t\t\t\t\t\t<\/div>\n\t\t\t\t<\/div>\n\t\t\t\t<section class=\"elementor-section elementor-inner-section elementor-element elementor-element-ddbc9b6 elementor-section-boxed elementor-section-height-default elementor-section-height-default\" data-id=\"ddbc9b6\" data-element_type=\"section\" data-e-type=\"section\">\n\t\t\t\t\t\t<div class=\"elementor-container elementor-column-gap-default\">\n\t\t\t\t\t<div class=\"elementor-column elementor-col-50 elementor-inner-column elementor-element elementor-element-7ef974e\" data-id=\"7ef974e\" data-element_type=\"column\" data-e-type=\"column\">\n\t\t\t<div class=\"elementor-widget-wrap elementor-element-populated\">\n\t\t\t\t\t\t<div class=\"elementor-element elementor-element-e4036c8 elementor-widget elementor-widget-wp-widget-khm_cp_widget\" data-id=\"e4036c8\" data-element_type=\"widget\" data-e-type=\"widget\" data-widget_type=\"wp-widget-khm_cp_widget.default\">\n\t\t\t\t<div class=\"elementor-widget-container\">\n\t\t\t\t\t\r\n\t<div class=\"khm-cp clearfix\" style=\"max-width: 400px\">\r\n\t\t<div class=\"khm-cp__image\">\r\n\t\t\t<img decoding=\"async\" src=\"https:\/\/static.krafthand-truck.de\/uploads\/2017\/03\/Ledermann_Monika-250x300.jpg\" class=\"img-responsive\">\r\n\t\t<\/div>\r\n\t\t<div class=\"khm-cp__content\">\r\n\t\t\t<p>\r\n\t\t\t\t<strong>Monika Ledermann<\/strong><br \/>\r\n\t\t\t\tTeamleitung Vertrieb\r\n\t\t\t<\/p>\r\n\t\t\t<p>\r\n\t\t\t\tTel.: 08247 \/ 3007-23<br \/>\r\n\t\t\t\tFax: 08247 \/ 3007-57\r\n\t\t\t<\/p>\r\n\t\t\t<p>\r\n\t\t\t\tE-Mail: <a href=\"mailto:monika.ledermann@krafthand-medien.de\">Monika Ledermann<\/a>\r\n\t\t\t<\/p>\r\n\t\t<\/div>\r\n\t<\/div>\r\n\t\t\t\t<\/div>\n\t\t\t\t<\/div>\n\t\t\t\t\t<\/div>\n\t\t<\/div>\n\t\t\t\t<div class=\"elementor-column elementor-col-50 elementor-inner-column elementor-element elementor-element-f2104be\" data-id=\"f2104be\" data-element_type=\"column\" data-e-type=\"column\">\n\t\t\t<div class=\"elementor-widget-wrap elementor-element-populated\">\n\t\t\t\t\t\t<div class=\"elementor-element elementor-element-ef2fbc9 elementor-widget elementor-widget-wp-widget-khm_cp_widget\" data-id=\"ef2fbc9\" data-element_type=\"widget\" data-e-type=\"widget\" data-widget_type=\"wp-widget-khm_cp_widget.default\">\n\t\t\t\t<div class=\"elementor-widget-container\">\n\t\t\t\t\t\r\n\t<div class=\"khm-cp clearfix\" style=\"max-width: 400px\">\r\n\t\t<div class=\"khm-cp__image\">\r\n\t\t\t<img decoding=\"async\" src=\"https:\/\/static.krafthand-truck.de\/uploads\/2019\/02\/Donda_0506_web.jpg\" class=\"img-responsive\">\r\n\t\t<\/div>\r\n\t\t<div class=\"khm-cp__content\">\r\n\t\t\t<p>\r\n\t\t\t\t<strong>Marion Donda<\/strong><br \/>\r\n\t\t\t\tAbo-Service\r\n\t\t\t<\/p>\r\n\t\t\t<p>\r\n\t\t\t\tTel.: 08247 \/ 3007-29<br \/>\r\n\t\t\t\tFax: 08247 \/ 3007-57\r\n\t\t\t<\/p>\r\n\t\t\t<p>\r\n\t\t\t\tE-Mail: <a href=\"mailto:marion.donda@krafthand-medien.de\">Marion Donda<\/a>\r\n\t\t\t<\/p>\r\n\t\t<\/div>\r\n\t<\/div>\r\n\t\t\t\t<\/div>\n\t\t\t\t<\/div>\n\t\t\t\t\t<\/div>\n\t\t<\/div>\n\t\t\t\t\t<\/div>\n\t\t<\/section>\n\t\t\t\t<section class=\"elementor-section elementor-inner-section elementor-element elementor-element-aa3ee43 elementor-section-boxed elementor-section-height-default elementor-section-height-default\" data-id=\"aa3ee43\" data-element_type=\"section\" data-e-type=\"section\">\n\t\t\t\t\t\t<div class=\"elementor-container elementor-column-gap-default\">\n\t\t\t\t\t<div class=\"elementor-column elementor-col-50 elementor-inner-column elementor-element elementor-element-8f5ff30\" data-id=\"8f5ff30\" data-element_type=\"column\" data-e-type=\"column\">\n\t\t\t<div class=\"elementor-widget-wrap elementor-element-populated\">\n\t\t\t\t\t\t<div class=\"elementor-element elementor-element-deed85e elementor-widget elementor-widget-wp-widget-khm_cp_widget\" data-id=\"deed85e\" data-element_type=\"widget\" data-e-type=\"widget\" data-widget_type=\"wp-widget-khm_cp_widget.default\">\n\t\t\t\t<div class=\"elementor-widget-container\">\n\t\t\t\t\t\r\n\t<div class=\"khm-cp clearfix\" style=\"max-width: 400px\">\r\n\t\t<div class=\"khm-cp__image\">\r\n\t\t\t<img decoding=\"async\" src=\"https:\/\/static.krafthand-truck.de\/uploads\/2017\/03\/Ludewig_Anita-250x300.jpg\" class=\"img-responsive\">\r\n\t\t<\/div>\r\n\t\t<div class=\"khm-cp__content\">\r\n\t\t\t<p>\r\n\t\t\t\t<strong>Anita Ludewig<\/strong><br \/>\r\n\t\t\t\tLeitung Leser-Service\r\n\t\t\t<\/p>\r\n\t\t\t<p>\r\n\t\t\t\tTel.: 08247 \/ 3007-66<br \/>\r\n\t\t\t\tFax: 08247 \/ 3007-57\r\n\t\t\t<\/p>\r\n\t\t\t<p>\r\n\t\t\t\tE-Mail: <a href=\"mailto:anita.ludewig@krafthand-medien.de\">Anita Ludewig<\/a>\r\n\t\t\t<\/p>\r\n\t\t<\/div>\r\n\t<\/div>\r\n\t\t\t\t<\/div>\n\t\t\t\t<\/div>\n\t\t\t\t\t<\/div>\n\t\t<\/div>\n\t\t\t\t<div class=\"elementor-column elementor-col-50 elementor-inner-column elementor-element elementor-element-5d15540\" data-id=\"5d15540\" data-element_type=\"column\" data-e-type=\"column\">\n\t\t\t<div class=\"elementor-widget-wrap\">\n\t\t\t\t\t\t\t<\/div>\n\t\t<\/div>\n\t\t\t\t\t<\/div>\n\t\t<\/section>\n\t\t\t\t\t<\/div>\n\t\t<\/div>\n\t\t\t\t\t<\/div>\n\t\t<\/section>\n\t\t\t\t<\/div>\n\t\t","protected":false},"excerpt":{"rendered":"<p>Die Krafthand-Truck ist der verl\u00e4ssliche Ratgeber f\u00fcr praxisorientierte Technik-Spezialisten, speziell\u00a0 in den Bereichen Nutzfahrzeuge und Transporter ab 3,5 Tonnen. Die redaktionellen Schwerpunkte liegen auf den Themenbereichen Service+ Diagnose, Technik+Wartung+Entwicklung, Werkstatt-IT+Telematik, Nfz-Teile+Systeme sowie Werkstattausr\u00fcstung+Tools. Erscheinungsweise: 4 Ausgaben j\u00e4hrlich Erscheinungstermine Mittwoch, 18. M\u00e4rz 2026 Mittwoch, 03. Juni 2026 Mittwoch, 02. September 2026 Mittwoch, 25. November 2026 Verbreitete <span class=\"excerpt-more__dots\">&#8230;<\/span> <a class=\"excerpt-more__link\" href=\"https:\/\/www.krafthand.de\/truck\/abo\/\" >weiter<\/a><\/p>\n","protected":false},"author":1,"featured_media":0,"parent":0,"menu_order":0,"comment_status":"closed","ping_status":"closed","template":"","meta":{"footnotes":""},"class_list":["post-11","page","type-page","status-publish","hentry"],"yoast_head":"<!-- This site is optimized with the Yoast SEO plugin v27.3 - https:\/\/yoast.com\/product\/yoast-seo-wordpress\/ -->\n<title>Krafthand-Truck I Abonnement<\/title>\n<meta name=\"robots\" content=\"index, follow, max-snippet:-1, max-image-preview:large, max-video-preview:-1\" \/>\n<link rel=\"canonical\" href=\"https:\/\/www.krafthand.de\/truck\/abo\/\" \/>\n<meta property=\"og:locale\" content=\"de_DE\" \/>\n<meta property=\"og:type\" content=\"article\" \/>\n<meta property=\"og:title\" content=\"Krafthand-Truck I Abonnement\" \/>\n<meta property=\"og:description\" content=\"Die Krafthand-Truck ist der verl\u00e4ssliche Ratgeber f\u00fcr praxisorientierte Technik-Spezialisten, speziell\u00a0 in den Bereichen Nutzfahrzeuge und Transporter ab 3,5 Tonnen. Die redaktionellen Schwerpunkte liegen auf den Themenbereichen Service+ Diagnose, Technik+Wartung+Entwicklung, Werkstatt-IT+Telematik, Nfz-Teile+Systeme sowie Werkstattausr\u00fcstung+Tools. Erscheinungsweise: 4 Ausgaben j\u00e4hrlich Erscheinungstermine Mittwoch, 18. M\u00e4rz 2026 Mittwoch, 03. Juni 2026 Mittwoch, 02. September 2026 Mittwoch, 25. November 2026 Verbreitete ... weiter\" \/>\n<meta property=\"og:url\" content=\"https:\/\/www.krafthand-truck.de\/abo\/\" \/>\n<meta property=\"og:site_name\" content=\"Krafthand-Truck\" \/>\n<meta property=\"article:modified_time\" content=\"2026-02-02T14:26:05+00:00\" \/>\n<meta property=\"og:image\" content=\"https:\/\/static.krafthand-truck.de\/uploads\/2023\/03\/Krafthand_Truck_3_2022.jpg\" \/>\n\t<meta property=\"og:image:width\" content=\"1200\" \/>\n\t<meta property=\"og:image:height\" content=\"1636\" \/>\n\t<meta property=\"og:image:type\" content=\"image\/jpeg\" \/>\n<meta name=\"twitter:card\" content=\"summary_large_image\" \/>\n<meta name=\"twitter:label1\" content=\"Gesch\u00e4tzte Lesezeit\" \/>\n\t<meta name=\"twitter:data1\" content=\"2\u00a0Minuten\" \/>\n<script type=\"application\/ld+json\" class=\"yoast-schema-graph\">{\"@context\":\"https:\\\/\\\/schema.org\",\"@graph\":[{\"@type\":\"WebPage\",\"@id\":\"https:\\\/\\\/www.krafthand.de\\\/truck\\\/abo\\\/\",\"url\":\"https:\\\/\\\/www.krafthand.de\\\/truck\\\/abo\\\/\",\"name\":\"Krafthand-Truck I Abonnement\",\"isPartOf\":{\"@id\":\"https:\\\/\\\/www.krafthand.de\\\/truck\\\/#website\"},\"primaryImageOfPage\":{\"@id\":\"https:\\\/\\\/www.krafthand.de\\\/truck\\\/abo\\\/#primaryimage\"},\"image\":{\"@id\":\"https:\\\/\\\/www.krafthand.de\\\/truck\\\/abo\\\/#primaryimage\"},\"thumbnailUrl\":\"https:\\\/\\\/static.krafthand-truck.de\\\/uploads\\\/2023\\\/03\\\/Krafthand_Truck_3_2022-768x1047.jpg\",\"datePublished\":\"2018-01-10T10:15:10+00:00\",\"dateModified\":\"2026-02-02T14:26:05+00:00\",\"breadcrumb\":{\"@id\":\"https:\\\/\\\/www.krafthand.de\\\/truck\\\/abo\\\/#breadcrumb\"},\"inLanguage\":\"de\",\"potentialAction\":[{\"@type\":\"ReadAction\",\"target\":[\"https:\\\/\\\/www.krafthand.de\\\/truck\\\/abo\\\/\"]}]},{\"@type\":\"ImageObject\",\"inLanguage\":\"de\",\"@id\":\"https:\\\/\\\/www.krafthand.de\\\/truck\\\/abo\\\/#primaryimage\",\"url\":\"https:\\\/\\\/static.krafthand-truck.de\\\/uploads\\\/2023\\\/03\\\/Krafthand_Truck_3_2022-768x1047.jpg\",\"contentUrl\":\"https:\\\/\\\/static.krafthand-truck.de\\\/uploads\\\/2023\\\/03\\\/Krafthand_Truck_3_2022-768x1047.jpg\"},{\"@type\":\"BreadcrumbList\",\"@id\":\"https:\\\/\\\/www.krafthand.de\\\/truck\\\/abo\\\/#breadcrumb\",\"itemListElement\":[{\"@type\":\"ListItem\",\"position\":1,\"name\":\"Krafthand-Truck\",\"item\":\"https:\\\/\\\/www.krafthand.de\\\/truck\\\/\"},{\"@type\":\"ListItem\",\"position\":2,\"name\":\"Abo\"}]},{\"@type\":\"WebSite\",\"@id\":\"https:\\\/\\\/www.krafthand.de\\\/truck\\\/#website\",\"url\":\"https:\\\/\\\/www.krafthand.de\\\/truck\\\/\",\"name\":\"Krafthand-Truck\",\"description\":\"\",\"potentialAction\":[{\"@type\":\"SearchAction\",\"target\":{\"@type\":\"EntryPoint\",\"urlTemplate\":\"https:\\\/\\\/www.krafthand.de\\\/truck\\\/?s={search_term_string}\"},\"query-input\":{\"@type\":\"PropertyValueSpecification\",\"valueRequired\":true,\"valueName\":\"search_term_string\"}}],\"inLanguage\":\"de\"}]}<\/script>\n<!-- \/ Yoast SEO plugin. -->","yoast_head_json":{"title":"Krafthand-Truck I Abonnement","robots":{"index":"index","follow":"follow","max-snippet":"max-snippet:-1","max-image-preview":"max-image-preview:large","max-video-preview":"max-video-preview:-1"},"canonical":"https:\/\/www.krafthand.de\/truck\/abo\/","og_locale":"de_DE","og_type":"article","og_title":"Krafthand-Truck I Abonnement","og_description":"Die Krafthand-Truck ist der verl\u00e4ssliche Ratgeber f\u00fcr praxisorientierte Technik-Spezialisten, speziell\u00a0 in den Bereichen Nutzfahrzeuge und Transporter ab 3,5 Tonnen. Die redaktionellen Schwerpunkte liegen auf den Themenbereichen Service+ Diagnose, Technik+Wartung+Entwicklung, Werkstatt-IT+Telematik, Nfz-Teile+Systeme sowie Werkstattausr\u00fcstung+Tools. Erscheinungsweise: 4 Ausgaben j\u00e4hrlich Erscheinungstermine Mittwoch, 18. M\u00e4rz 2026 Mittwoch, 03. Juni 2026 Mittwoch, 02. September 2026 Mittwoch, 25. November 2026 Verbreitete ... weiter","og_url":"https:\/\/www.krafthand-truck.de\/abo\/","og_site_name":"Krafthand-Truck","article_modified_time":"2026-02-02T14:26:05+00:00","og_image":[{"width":1200,"height":1636,"url":"https:\/\/static.krafthand-truck.de\/uploads\/2023\/03\/Krafthand_Truck_3_2022.jpg","type":"image\/jpeg"}],"twitter_card":"summary_large_image","twitter_misc":{"Gesch\u00e4tzte Lesezeit":"2\u00a0Minuten"},"schema":{"@context":"https:\/\/schema.org","@graph":[{"@type":"WebPage","@id":"https:\/\/www.krafthand.de\/truck\/abo\/","url":"https:\/\/www.krafthand.de\/truck\/abo\/","name":"Krafthand-Truck I Abonnement","isPartOf":{"@id":"https:\/\/www.krafthand.de\/truck\/#website"},"primaryImageOfPage":{"@id":"https:\/\/www.krafthand.de\/truck\/abo\/#primaryimage"},"image":{"@id":"https:\/\/www.krafthand.de\/truck\/abo\/#primaryimage"},"thumbnailUrl":"https:\/\/static.krafthand-truck.de\/uploads\/2023\/03\/Krafthand_Truck_3_2022-768x1047.jpg","datePublished":"2018-01-10T10:15:10+00:00","dateModified":"2026-02-02T14:26:05+00:00","breadcrumb":{"@id":"https:\/\/www.krafthand.de\/truck\/abo\/#breadcrumb"},"inLanguage":"de","potentialAction":[{"@type":"ReadAction","target":["https:\/\/www.krafthand.de\/truck\/abo\/"]}]},{"@type":"ImageObject","inLanguage":"de","@id":"https:\/\/www.krafthand.de\/truck\/abo\/#primaryimage","url":"https:\/\/static.krafthand-truck.de\/uploads\/2023\/03\/Krafthand_Truck_3_2022-768x1047.jpg","contentUrl":"https:\/\/static.krafthand-truck.de\/uploads\/2023\/03\/Krafthand_Truck_3_2022-768x1047.jpg"},{"@type":"BreadcrumbList","@id":"https:\/\/www.krafthand.de\/truck\/abo\/#breadcrumb","itemListElement":[{"@type":"ListItem","position":1,"name":"Krafthand-Truck","item":"https:\/\/www.krafthand.de\/truck\/"},{"@type":"ListItem","position":2,"name":"Abo"}]},{"@type":"WebSite","@id":"https:\/\/www.krafthand.de\/truck\/#website","url":"https:\/\/www.krafthand.de\/truck\/","name":"Krafthand-Truck","description":"","potentialAction":[{"@type":"SearchAction","target":{"@type":"EntryPoint","urlTemplate":"https:\/\/www.krafthand.de\/truck\/?s={search_term_string}"},"query-input":{"@type":"PropertyValueSpecification","valueRequired":true,"valueName":"search_term_string"}}],"inLanguage":"de"}]}},"_links":{"self":[{"href":"https:\/\/www.krafthand.de\/truck\/wp-json\/wp\/v2\/pages\/11","targetHints":{"allow":["GET"]}}],"collection":[{"href":"https:\/\/www.krafthand.de\/truck\/wp-json\/wp\/v2\/pages"}],"about":[{"href":"https:\/\/www.krafthand.de\/truck\/wp-json\/wp\/v2\/types\/page"}],"author":[{"embeddable":true,"href":"https:\/\/www.krafthand.de\/truck\/wp-json\/wp\/v2\/users\/1"}],"replies":[{"embeddable":true,"href":"https:\/\/www.krafthand.de\/truck\/wp-json\/wp\/v2\/comments?post=11"}],"version-history":[{"count":117,"href":"https:\/\/www.krafthand.de\/truck\/wp-json\/wp\/v2\/pages\/11\/revisions"}],"predecessor-version":[{"id":45252,"href":"https:\/\/www.krafthand.de\/truck\/wp-json\/wp\/v2\/pages\/11\/revisions\/45252"}],"wp:attachment":[{"href":"https:\/\/www.krafthand.de\/truck\/wp-json\/wp\/v2\/media?parent=11"}],"curies":[{"name":"wp","href":"https:\/\/api.w.org\/{rel}","templated":true}]}}