{"id":6,"date":"2025-01-30T15:11:24","date_gmt":"2025-01-30T14:11:24","guid":{"rendered":"https:\/\/jobs.krafthand.net\/stellenangebote\/"},"modified":"2025-02-17T12:59:33","modified_gmt":"2025-02-17T11:59:33","slug":"inserate","status":"publish","type":"page","link":"https:\/\/www.krafthand.de\/stellenmarkt\/inserate\/","title":{"rendered":"Stellenangebote"},"content":{"rendered":"\n<div class=\"wp-block-group alignfull has-tertiary-background-color has-background has-global-padding is-layout-constrained wp-container-core-group-is-layout-ab4a5bbb wp-block-group-is-layout-constrained\" style=\"padding-top:var(--wp--preset--spacing--small);padding-bottom:var(--wp--preset--spacing--small)\"><div class=\"alignwide wp-block-khm-stellenmarkt-blocks-search-form\">\n\t<!-- Search Filter -->\n\t<form action=\"https:\/\/www.krafthand.de\/stellenmarkt\/inserate\/\" method=\"get\" class=\"search-form\">\n\t\t<div class=\"d-flex flex-row justify-content-between align-items-start flex-wrap flex-md-nowrap gap-3\">\n\n\t\t\t<div class=\"input-group\">\n\t\t\t\t<span class=\"input-group-text\"><i class=\"fa-solid fa-magnifying-glass\"><\/i><\/span>\n\t\t\t\t<input type=\"text\" class=\"form-control\" placeholder=\"Nach Stellenanzeigen suchen\" aria-label=\"Suchbegriffe\" name=\"_query\" value=\"\" autocomplete=\"off\">\n\t\t\t<\/div>\n\n\t\t\t<div class=\"input-group location-input\">\n\t\t\t<span class=\"input-group-text\"><i class=\"fa-solid fa-location-dot\"><\/i><\/span>\n                <input type=\"text\" class=\"form-control\" aria-label=\"Ort oder Plz\" id=\"location\" name=\"_location\" value=\"\" autocomplete=\"off\" placeholder=\"Postleitzahl oder Ort\" data-autocomplete=\"https:\/\/entwicklung.krafthand-medien.de\/geo\/api.php?q=\" data-minlength=\"3\">\n                \t\t\t<\/div>\n\n\t\t\t<button type=\"submit\" class=\"btn btn-primary flex-shrink-0 flex-grow-1\">Suchen<\/button>\n\t\t<\/div>\n\t\t\n\t<\/form>\n<\/div>\n<\/div>\n\n\n\n<div class=\"wp-block-group alignwide is-layout-flow wp-block-group-is-layout-flow\"><div class=\"job_listings\"><div class=\"row pt-3 pb-5\"><div class=\"col-md-12 col-lg-3\"><!-- Taxonomy Filter -->\r\n        <div class=\"row\">\r\n            <div class=\"col\">\r\n\t\t\t\t<button class=\"btn btn-primary d-lg-none\" type=\"button\" data-bs-toggle=\"offcanvas\" data-bs-target=\"#offcanvasResponsive\" aria-controls=\"offcanvasResponsive\"><i class=\"fa-solid fa-filter\"><\/i> Filter anzeigen<\/button>\r\n\r\n                <div class=\"offcanvas-lg offcanvas-start\" tabindex=\"-1\" id=\"offcanvasResponsive\" aria-labelledby=\"offcanvasResponsiveLabel\">\r\n  <div class=\"offcanvas-header\">\r\n    <h5 class=\"offcanvas-title\" id=\"offcanvasResponsiveLabel\">Stellenangebote filtern<\/h5>\r\n    <button type=\"button\" class=\"btn-close\" data-bs-dismiss=\"offcanvas\" data-bs-target=\"#offcanvasResponsive\" aria-label=\"Close\"><\/button>\r\n  <\/div>\r\n  <div class=\"offcanvas-body\">\r\n\t\t\t\t<div class=\"gap-3 d-flex flex-column\">\r\n\r\n\r\n  <div class=\"taxonomy-filter\">\r\n\r\n    <div class=\"taxonomy-header fs-4 fw-semibold\">\r\n            Arbeitszeit\r\n          <\/div><ul class=\"list-group list-group-flush\"><li class=\"list-group-item list-group-item-action d-flex justify-content-between align-items-center\"><a class=\"stretched-link text-decoration-none\" href=\"https:\/\/www.krafthand.de\/stellenmarkt\/wp-json\/wp\/v2\/pages\/6\/?job_listing_type=homeoffice-moeglich\">Homeoffice m\u00f6glich<\/a><span class=\"badge bg-primary-subtle text-primary-emphasis\">185<\/span><\/li><li class=\"list-group-item list-group-item-action d-flex justify-content-between align-items-center\"><a class=\"stretched-link text-decoration-none\" href=\"https:\/\/www.krafthand.de\/stellenmarkt\/wp-json\/wp\/v2\/pages\/6\/?job_listing_type=teilzeit\">Teilzeit<\/a><span class=\"badge bg-primary-subtle text-primary-emphasis\">290<\/span><\/li><li class=\"list-group-item list-group-item-action d-flex justify-content-between align-items-center\"><a class=\"stretched-link text-decoration-none\" href=\"https:\/\/www.krafthand.de\/stellenmarkt\/wp-json\/wp\/v2\/pages\/6\/?job_listing_type=vollzeit\">Vollzeit<\/a><span class=\"badge bg-primary-subtle text-primary-emphasis\">2075<\/span><\/li><\/ul><\/div>\r\n\r\n\r\n  <div class=\"taxonomy-filter\">\r\n\r\n    <div class=\"taxonomy-header fs-4 fw-semibold\">\r\n            Berufserfahrung\r\n          <\/div><ul class=\"list-group list-group-flush\"><li class=\"list-group-item list-group-item-action d-flex justify-content-between align-items-center\"><a class=\"stretched-link text-decoration-none\" href=\"https:\/\/www.krafthand.de\/stellenmarkt\/wp-json\/wp\/v2\/pages\/6\/?job_listing_experience=mit-berufserfahrung\">Mit Berufserfahrung<\/a><span class=\"badge bg-primary-subtle text-primary-emphasis\">1874<\/span><\/li><li class=\"list-group-item list-group-item-action d-flex justify-content-between align-items-center\"><a class=\"stretched-link text-decoration-none\" href=\"https:\/\/www.krafthand.de\/stellenmarkt\/wp-json\/wp\/v2\/pages\/6\/?job_listing_experience=mit-personalverantwortung\">Mit Personalverantwortung<\/a><span class=\"badge bg-primary-subtle text-primary-emphasis\">100<\/span><\/li><li class=\"list-group-item list-group-item-action d-flex justify-content-between align-items-center\"><a class=\"stretched-link text-decoration-none\" href=\"https:\/\/www.krafthand.de\/stellenmarkt\/wp-json\/wp\/v2\/pages\/6\/?job_listing_experience=ohne-berufserfahrung\">Ohne Berufserfahrung<\/a><span class=\"badge bg-primary-subtle text-primary-emphasis\">1276<\/span><\/li><\/ul><\/div>\r\n\r\n\r\n  <div class=\"taxonomy-filter\">\r\n\r\n    <div class=\"taxonomy-header fs-4 fw-semibold\">\r\n            Anstellungsart\r\n          <\/div><ul class=\"list-group list-group-flush\"><li class=\"list-group-item list-group-item-action d-flex justify-content-between align-items-center\"><a class=\"stretched-link text-decoration-none\" href=\"https:\/\/www.krafthand.de\/stellenmarkt\/wp-json\/wp\/v2\/pages\/6\/?job_listing_statue=arbeitnehmerueberlassung\">Arbeitnehmer\u00fcberlassung<\/a><span class=\"badge bg-primary-subtle text-primary-emphasis\">17<\/span><\/li><li class=\"list-group-item list-group-item-action d-flex justify-content-between align-items-center\"><a class=\"stretched-link text-decoration-none\" href=\"https:\/\/www.krafthand.de\/stellenmarkt\/wp-json\/wp\/v2\/pages\/6\/?job_listing_statue=ausbildung\">Ausbildung<\/a><span class=\"badge bg-primary-subtle text-primary-emphasis\">125<\/span><\/li><li class=\"list-group-item list-group-item-action d-flex justify-content-between align-items-center\"><a class=\"stretched-link text-decoration-none\" href=\"https:\/\/www.krafthand.de\/stellenmarkt\/wp-json\/wp\/v2\/pages\/6\/?job_listing_statue=bachelor-master-diplom-arbeiten\">Bachelor-\/Master-\/Diplom-Arbeiten<\/a><span class=\"badge bg-primary-subtle text-primary-emphasis\">1<\/span><\/li><li class=\"list-group-item list-group-item-action d-flex justify-content-between align-items-center\"><a class=\"stretched-link text-decoration-none\" href=\"https:\/\/www.krafthand.de\/stellenmarkt\/wp-json\/wp\/v2\/pages\/6\/?job_listing_statue=befristeter-vertrag\">Befristeter Vertrag<\/a><span class=\"badge bg-primary-subtle text-primary-emphasis\">57<\/span><\/li><li class=\"list-group-item list-group-item-action d-flex justify-content-between align-items-center\"><a class=\"stretched-link text-decoration-none\" href=\"https:\/\/www.krafthand.de\/stellenmarkt\/wp-json\/wp\/v2\/pages\/6\/?job_listing_statue=berufseinstieg-trainee\">Berufseinstieg\/Trainee<\/a><span class=\"badge bg-primary-subtle text-primary-emphasis\">47<\/span><\/li><li class=\"list-group-item list-group-item-action d-flex justify-content-between align-items-center\"><a class=\"stretched-link text-decoration-none\" href=\"https:\/\/www.krafthand.de\/stellenmarkt\/wp-json\/wp\/v2\/pages\/6\/?job_listing_statue=feste-anstellung\">Feste Anstellung<\/a><span class=\"badge bg-primary-subtle text-primary-emphasis\">2108<\/span><\/li><li class=\"list-group-item list-group-item-action d-flex justify-content-between align-items-center\"><a class=\"stretched-link text-decoration-none\" href=\"https:\/\/www.krafthand.de\/stellenmarkt\/wp-json\/wp\/v2\/pages\/6\/?job_listing_statue=freie-mitarbeit-projektmitarbeit\">Freie Mitarbeit\/Projektmitarbeit<\/a><span class=\"badge bg-primary-subtle text-primary-emphasis\">1<\/span><\/li><li class=\"list-group-item list-group-item-action d-flex justify-content-between align-items-center\"><a class=\"stretched-link text-decoration-none\" href=\"https:\/\/www.krafthand.de\/stellenmarkt\/wp-json\/wp\/v2\/pages\/6\/?job_listing_statue=praktikum\">Praktikum<\/a><span class=\"badge bg-primary-subtle text-primary-emphasis\">8<\/span><\/li><li class=\"list-group-item list-group-item-action d-flex justify-content-between align-items-center\"><a class=\"stretched-link text-decoration-none\" href=\"https:\/\/www.krafthand.de\/stellenmarkt\/wp-json\/wp\/v2\/pages\/6\/?job_listing_statue=studentenjobs\">Studentenjobs<\/a><span class=\"badge bg-primary-subtle text-primary-emphasis\">1<\/span><\/li><li class=\"list-group-item list-group-item-action d-flex justify-content-between align-items-center\"><a class=\"stretched-link text-decoration-none\" href=\"https:\/\/www.krafthand.de\/stellenmarkt\/wp-json\/wp\/v2\/pages\/6\/?job_listing_statue=studium\">Studium<\/a><span class=\"badge bg-primary-subtle text-primary-emphasis\">125<\/span><\/li><li class=\"list-group-item list-group-item-action d-flex justify-content-between align-items-center\"><a class=\"stretched-link text-decoration-none\" href=\"https:\/\/www.krafthand.de\/stellenmarkt\/wp-json\/wp\/v2\/pages\/6\/?job_listing_statue=werkstudent\">Werkstudent<\/a><span class=\"badge bg-primary-subtle text-primary-emphasis\">1<\/span><\/li><\/ul><\/div>\r\n\t\t<\/div> <!-- flex -->\r\n\t\t<\/div> <!-- flex -->\r\n\t\t<\/div> <!-- collapse -->\r\n\t\t<\/div> <!-- col -->\r\n        <\/div><\/div>\r\n\t\t<div class=\"col-md-12 col-lg-9\"><div class=\"d-flex align-items-center justify-content-between pb-2 gap-2\">3.096 Stellenangebote<div class=\"dropdown\">\r\n      <button class=\"btn btn-outline-secondary dropdown-toggle\" type=\"button\" data-bs-toggle=\"dropdown\" aria-expanded=\"false\">\r\n        Sortierung: Relevanz\r\n      <\/button>\r\n      <ul class=\"dropdown-menu\"><li><a class=\"dropdown-item\" href=\"\/stellenmarkt\/wp-json\/wp\/v2\/pages\/6\">Sortierung: Relevanz<\/a><\/li><li><a class=\"dropdown-item\" href=\"\/stellenmarkt\/wp-json\/wp\/v2\/pages\/6?orderby=date\">Sortierung: Datum<\/a><\/li><\/ul><\/div><\/div><div class=\"list-group\">\t<a href=\"https:\/\/www.krafthand.de\/stellenmarkt\/inserat\/37466\/\" class=\"list-group-item list-group-item-action d-flex gap-2 align-items-start job-item featured-job post-37466 job_listing type-job_listing status-publish has-post-thumbnail hentry job_listing_type-vollzeit job_listing_statue-befristeter-vertrag job_listing_experience-mit-berufserfahrung job-type-vollzeit job_position_featured\"  data-id=\"listing-id-37466\" data-featured=\"featured\">\r\n\t\t\t\r\n\t\t\t\r\n\t\t\t<div class=\"company-logo object-fit-contain flex-shrink-0 ratio-4x3\" style=\"width: 100px; height: 100px;\">\r\n\t\t\t\t<img decoding=\"async\" class=\"company_logo\" src=\"https:\/\/www.krafthand.de\/stellenmarkt\/wp-content\/uploads\/2026\/04\/ADAC-2c-300x300.jpg\" alt=\"ADAC W\u00fcrttemberg e.V.\" \/>\t\t\t<\/div>\r\n\t\t\t\r\n\t\t\t<div class=\"py-2\">\r\n\r\n\t\t\t\t<h5 class=\"mb-1\">ADAC Vertrags-Sachverst\u00e4ndige (m\/w\/d) <\/h5>\r\n\t\t\t\r\n\r\n\t\t\t\t<div class=\"mb-1 text-muted\">\r\n\t\t\t\t\t\r\n\t\t\t\t\t\t<i class=\"fa-solid fa-building\"><\/i>\r\n\t\t\t\t\t\tADAC W\u00fcrttemberg e.V.\t\t\t\t\t \r\n\t\t\t\t\t\t<i class=\"fa-solid fa-location-dot\"><\/i>\r\n\t\t\t\t\t\tBad Mergentheim, Heilbronn, Schw\u00e4bisch Hall, Ludwigsbug, Backnang, Ellwangen, Aalen, Stuttgart, Esslingen, G\u00f6ppingen, Heidenheim, Sindelfingen, Reutlingen, Geislingen, Ulm, Balingen, Rottweil, Biberach\/ Ri\u00df, Tuttlingen, Ravensburg, Singen, Friedrichshafen\t\t\t\t\t  \r\n\t\t\t\t\t\t<i class=\"fa-regular fa-clock\"><\/i>\r\n\t\t\t\t\t\t<time datetime=\"2026-04-21\">21.04.2026<\/time>\r\n                            <\/div>\r\n\t\t\t\r\n\t\t<\/div>\t\r\n\t<\/a>\t<a href=\"https:\/\/www.krafthand.de\/stellenmarkt\/inserat\/38617\/\" class=\"list-group-item list-group-item-action d-flex gap-2 align-items-start job-item post-38617 job_listing type-job_listing status-publish has-post-thumbnail hentry job_listing_type-vollzeit job_listing_statue-feste-anstellung job_listing_experience-mit-berufserfahrung job-type-vollzeit job_listing_stepstone\"  data-id=\"listing-id-38617\" data-featured=\"\">\r\n\t\t\t\r\n\t\t\t\r\n\t\t\t<div class=\"company-logo object-fit-contain flex-shrink-0 ratio-4x3\" style=\"width: 100px; height: 100px;\">\r\n\t\t\t\t<img decoding=\"async\" class=\"company_logo\" src=\"https:\/\/www.krafthand.de\/stellenmarkt\/wp-content\/uploads\/2025\/02\/logoKONE-GmbH-100163DE-2303201500.gif\" alt=\"KONE GmbH\" \/>\t\t\t<\/div>\r\n\t\t\t\r\n\t\t\t<div class=\"py-2\">\r\n\r\n\t\t\t\t<h5 class=\"mb-1\">Mechatroniker, Elektriker als Servicetechniker (m\/w\/d) f\u00fcr Aufz\u00fcge und Rolltreppen <\/h5>\r\n\t\t\t\r\n\r\n\t\t\t\t<div class=\"mb-1 text-muted\">\r\n\t\t\t\t\t\r\n\t\t\t\t\t\t<i class=\"fa-solid fa-building\"><\/i>\r\n\t\t\t\t\t\tKONE GmbH\t\t\t\t\t \r\n\t\t\t\t\t\t<i class=\"fa-solid fa-location-dot\"><\/i>\r\n\t\t\t\t\t\tDresden, Cottbus\t\t\t\t\t  \r\n\t\t\t\t\t\t<i class=\"fa-regular fa-clock\"><\/i>\r\n\t\t\t\t\t\t<time datetime=\"2026-05-07\">07.05.2026<\/time>\r\n                            <\/div>\r\n\t\t\t\r\n\t\t<\/div>\t\r\n\t<\/a>\t<a href=\"https:\/\/www.krafthand.de\/stellenmarkt\/inserat\/35033\/\" class=\"list-group-item list-group-item-action d-flex gap-2 align-items-start job-item post-35033 job_listing type-job_listing status-publish has-post-thumbnail hentry job_listing_type-vollzeit job_listing_statue-feste-anstellung job_listing_experience-mit-berufserfahrung job-type-vollzeit job_listing_stepstone\"  data-id=\"listing-id-35033\" data-featured=\"\">\r\n\t\t\t\r\n\t\t\t\r\n\t\t\t<div class=\"company-logo object-fit-contain flex-shrink-0 ratio-4x3\" style=\"width: 100px; height: 100px;\">\r\n\t\t\t\t<img decoding=\"async\" class=\"company_logo\" src=\"https:\/\/www.krafthand.de\/stellenmarkt\/wp-content\/uploads\/2025\/02\/logoARCTOS-Industriekaelte-AG-159385DE.gif\" alt=\"ARCTOS Industriek\u00e4lte AG\" \/>\t\t\t<\/div>\r\n\t\t\t\r\n\t\t\t<div class=\"py-2\">\r\n\r\n\t\t\t\t<h5 class=\"mb-1\">Quereinsteiger zur Umschulung\/Qualifizierung als Mechatroniker f\u00fcr K\u00e4ltetechnik  im Bereich Industriek\u00e4lteanlagen (m\/w\/d) <\/h5>\r\n\t\t\t\r\n\r\n\t\t\t\t<div class=\"mb-1 text-muted\">\r\n\t\t\t\t\t\r\n\t\t\t\t\t\t<i class=\"fa-solid fa-building\"><\/i>\r\n\t\t\t\t\t\tARCTOS Industriek\u00e4lte AG\t\t\t\t\t \r\n\t\t\t\t\t\t<i class=\"fa-solid fa-location-dot\"><\/i>\r\n\t\t\t\t\t\tBayern, Baden-W\u00fcrttemberg, Rheinland-Pfalz, Hessen, Saarland\t\t\t\t\t  \r\n\t\t\t\t\t\t<i class=\"fa-regular fa-clock\"><\/i>\r\n\t\t\t\t\t\t<time datetime=\"2026-05-07\">07.05.2026<\/time>\r\n                            <\/div>\r\n\t\t\t\r\n\t\t<\/div>\t\r\n\t<\/a>\t<a href=\"https:\/\/www.krafthand.de\/stellenmarkt\/inserat\/37598\/\" class=\"list-group-item list-group-item-action d-flex gap-2 align-items-start job-item post-37598 job_listing type-job_listing status-publish hentry job_listing_type-vollzeit job_listing_statue-feste-anstellung job_listing_experience-mit-berufserfahrung job-type-vollzeit job_listing_stepstone\"  data-id=\"listing-id-37598\" data-featured=\"\">\r\n\t\t\t\r\n\t\t\t\r\n\t\t\t<div class=\"company-logo object-fit-contain flex-shrink-0 ratio-4x3\" style=\"width: 100px; height: 100px;\">\r\n\t\t\t\t<img decoding=\"async\" class=\"company_logo\" src=\"https:\/\/www.stepstone.de\/upload_DE\/logo\/https:\/\/www.stepstone.de\/upload_DE\/logo\/E\/logoEizo-GmbH-199818DE.gif\" alt=\"Eizo GmbH\" \/>\t\t\t<\/div>\r\n\t\t\t\r\n\t\t\t<div class=\"py-2\">\r\n\r\n\t\t\t\t<h5 class=\"mb-1\">Labormechaniker (m\/w\/d) <\/h5>\r\n\t\t\t\r\n\r\n\t\t\t\t<div class=\"mb-1 text-muted\">\r\n\t\t\t\t\t\r\n\t\t\t\t\t\t<i class=\"fa-solid fa-building\"><\/i>\r\n\t\t\t\t\t\tEizo GmbH\t\t\t\t\t \r\n\t\t\t\t\t\t<i class=\"fa-solid fa-location-dot\"><\/i>\r\n\t\t\t\t\t\tR\u00fclzheim\t\t\t\t\t  \r\n\t\t\t\t\t\t<i class=\"fa-regular fa-clock\"><\/i>\r\n\t\t\t\t\t\t<time datetime=\"2026-05-07\">07.05.2026<\/time>\r\n                            <\/div>\r\n\t\t\t\r\n\t\t<\/div>\t\r\n\t<\/a>\t<a href=\"https:\/\/www.krafthand.de\/stellenmarkt\/inserat\/38623\/\" class=\"list-group-item list-group-item-action d-flex gap-2 align-items-start job-item post-38623 job_listing type-job_listing status-publish has-post-thumbnail hentry job_listing_type-vollzeit job_listing_statue-feste-anstellung job_listing_experience-mit-berufserfahrung job-type-vollzeit job_listing_stepstone\"  data-id=\"listing-id-38623\" data-featured=\"\">\r\n\t\t\t\r\n\t\t\t\r\n\t\t\t<div class=\"company-logo object-fit-contain flex-shrink-0 ratio-4x3\" style=\"width: 100px; height: 100px;\">\r\n\t\t\t\t<img decoding=\"async\" class=\"company_logo\" src=\"https:\/\/www.krafthand.de\/stellenmarkt\/wp-content\/uploads\/2025\/02\/logoGrunbeck-AG-377748DE-2410111557.gif\" alt=\"Gr\u00fcnbeck AG\" \/>\t\t\t<\/div>\r\n\t\t\t\r\n\t\t\t<div class=\"py-2\">\r\n\r\n\t\t\t\t<h5 class=\"mb-1\">Servicetechniker Haustechnik \/ Gewerbetechnik (m\/w\/d) <\/h5>\r\n\t\t\t\r\n\r\n\t\t\t\t<div class=\"mb-1 text-muted\">\r\n\t\t\t\t\t\r\n\t\t\t\t\t\t<i class=\"fa-solid fa-building\"><\/i>\r\n\t\t\t\t\t\tGr\u00fcnbeck AG\t\t\t\t\t \r\n\t\t\t\t\t\t<i class=\"fa-solid fa-location-dot\"><\/i>\r\n\t\t\t\t\t\tHameln\t\t\t\t\t  \r\n\t\t\t\t\t\t<i class=\"fa-regular fa-clock\"><\/i>\r\n\t\t\t\t\t\t<time datetime=\"2026-05-07\">07.05.2026<\/time>\r\n                            <\/div>\r\n\t\t\t\r\n\t\t<\/div>\t\r\n\t<\/a>\t<a href=\"https:\/\/www.krafthand.de\/stellenmarkt\/inserat\/38633\/\" class=\"list-group-item list-group-item-action d-flex gap-2 align-items-start job-item post-38633 job_listing type-job_listing status-publish hentry job_listing_type-vollzeit job_listing_statue-feste-anstellung job_listing_experience-mit-berufserfahrung job-type-vollzeit job_listing_stepstone\"  data-id=\"listing-id-38633\" data-featured=\"\">\r\n\t\t\t\r\n\t\t\t\r\n\t\t\t<div class=\"company-logo object-fit-contain flex-shrink-0 ratio-4x3\" style=\"width: 100px; height: 100px;\">\r\n\t\t\t\t<img decoding=\"async\" class=\"company_logo\" src=\"https:\/\/www.stepstone.de\/upload_DE\/logo\/https:\/\/www.stepstone.de\/upload_DE\/logo\/D\/logoDB_Mobility_Logistics_AG_60544DE.gif\" alt=\"Deutsche Bahn AG\" \/>\t\t\t<\/div>\r\n\t\t\t\r\n\t\t\t<div class=\"py-2\">\r\n\r\n\t\t\t\t<h5 class=\"mb-1\">Servicetechniker Busse (w\/m\/d) <\/h5>\r\n\t\t\t\r\n\r\n\t\t\t\t<div class=\"mb-1 text-muted\">\r\n\t\t\t\t\t\r\n\t\t\t\t\t\t<i class=\"fa-solid fa-building\"><\/i>\r\n\t\t\t\t\t\tDeutsche Bahn AG\t\t\t\t\t \r\n\t\t\t\t\t\t<i class=\"fa-solid fa-location-dot\"><\/i>\r\n\t\t\t\t\t\tUlm\t\t\t\t\t  \r\n\t\t\t\t\t\t<i class=\"fa-regular fa-clock\"><\/i>\r\n\t\t\t\t\t\t<time datetime=\"2026-05-07\">07.05.2026<\/time>\r\n                            <\/div>\r\n\t\t\t\r\n\t\t<\/div>\t\r\n\t<\/a>\t<a href=\"https:\/\/www.krafthand.de\/stellenmarkt\/inserat\/33963\/\" class=\"list-group-item list-group-item-action d-flex gap-2 align-items-start job-item post-33963 job_listing type-job_listing status-publish has-post-thumbnail hentry job_listing_experience-ohne-berufserfahrung job_listing_stepstone\"  data-id=\"listing-id-33963\" data-featured=\"\">\r\n\t\t\t\r\n\t\t\t\r\n\t\t\t<div class=\"company-logo object-fit-contain flex-shrink-0 ratio-4x3\" style=\"width: 100px; height: 100px;\">\r\n\t\t\t\t<img decoding=\"async\" class=\"company_logo\" src=\"https:\/\/www.krafthand.de\/stellenmarkt\/wp-content\/uploads\/2025\/02\/logoMAN-Truck-Bus-Deutschland-GmbH-72760DE-2209261556.gif\" alt=\"MAN Truck &amp; Bus Deutschland GmbH\" \/>\t\t\t<\/div>\r\n\t\t\t\r\n\t\t\t<div class=\"py-2\">\r\n\r\n\t\t\t\t<h5 class=\"mb-1\">Kfz-Mechatroniker (m\/w\/d) am Standort M\u00f6nchengladbach <\/h5>\r\n\t\t\t\r\n\r\n\t\t\t\t<div class=\"mb-1 text-muted\">\r\n\t\t\t\t\t\r\n\t\t\t\t\t\t<i class=\"fa-solid fa-building\"><\/i>\r\n\t\t\t\t\t\tMAN Truck &amp; Bus Deutschland GmbH\t\t\t\t\t \r\n\t\t\t\t\t\t<i class=\"fa-solid fa-location-dot\"><\/i>\r\n\t\t\t\t\t\tM\u00f6nchengladbach\t\t\t\t\t  \r\n\t\t\t\t\t\t<i class=\"fa-regular fa-clock\"><\/i>\r\n\t\t\t\t\t\t<time datetime=\"2026-05-07\">07.05.2026<\/time>\r\n                            <\/div>\r\n\t\t\t\r\n\t\t<\/div>\t\r\n\t<\/a>\t<a href=\"https:\/\/www.krafthand.de\/stellenmarkt\/inserat\/38613\/\" class=\"list-group-item list-group-item-action d-flex gap-2 align-items-start job-item post-38613 job_listing type-job_listing status-publish hentry job_listing_type-vollzeit job_listing_statue-feste-anstellung job_listing_experience-mit-berufserfahrung job_listing_experience-ohne-berufserfahrung job-type-vollzeit job_listing_stepstone\"  data-id=\"listing-id-38613\" data-featured=\"\">\r\n\t\t\t\r\n\t\t\t\r\n\t\t\t<div class=\"company-logo object-fit-contain flex-shrink-0 ratio-4x3\" style=\"width: 100px; height: 100px;\">\r\n\t\t\t\t<img decoding=\"async\" class=\"company_logo\" src=\"https:\/\/www.stepstone.de\/upload_DE\/logo\/https:\/\/www.stepstone.de\/upload_DE\/logo\/0\/logoFirmengruppe-Widmann-265176DE-2204201331.gif\" alt=\"Firmengruppe Widmann\" \/>\t\t\t<\/div>\r\n\t\t\t\r\n\t\t\t<div class=\"py-2\">\r\n\r\n\t\t\t\t<h5 class=\"mb-1\">Kfz-Mechatroniker (m\/w\/d) Nutzfahrzeuge <\/h5>\r\n\t\t\t\r\n\r\n\t\t\t\t<div class=\"mb-1 text-muted\">\r\n\t\t\t\t\t\r\n\t\t\t\t\t\t<i class=\"fa-solid fa-building\"><\/i>\r\n\t\t\t\t\t\tFirmengruppe Widmann\t\t\t\t\t \r\n\t\t\t\t\t\t<i class=\"fa-solid fa-location-dot\"><\/i>\r\n\t\t\t\t\t\tWackersdorf\t\t\t\t\t  \r\n\t\t\t\t\t\t<i class=\"fa-regular fa-clock\"><\/i>\r\n\t\t\t\t\t\t<time datetime=\"2026-05-07\">07.05.2026<\/time>\r\n                            <\/div>\r\n\t\t\t\r\n\t\t<\/div>\t\r\n\t<\/a>\t<a href=\"https:\/\/www.krafthand.de\/stellenmarkt\/inserat\/38626\/\" class=\"list-group-item list-group-item-action d-flex gap-2 align-items-start job-item post-38626 job_listing type-job_listing status-publish has-post-thumbnail hentry job_listing_type-vollzeit job_listing_statue-feste-anstellung job_listing_experience-mit-berufserfahrung job-type-vollzeit job_listing_stepstone\"  data-id=\"listing-id-38626\" data-featured=\"\">\r\n\t\t\t\r\n\t\t\t\r\n\t\t\t<div class=\"company-logo object-fit-contain flex-shrink-0 ratio-4x3\" style=\"width: 100px; height: 100px;\">\r\n\t\t\t\t<img decoding=\"async\" class=\"company_logo\" src=\"https:\/\/www.krafthand.de\/stellenmarkt\/wp-content\/uploads\/2025\/10\/logoHARTING-Applied-Technologies-GmbH-46059DE.gif\" alt=\"HARTING Applied Technologies GmbH\" \/>\t\t\t<\/div>\r\n\t\t\t\r\n\t\t\t<div class=\"py-2\">\r\n\r\n\t\t\t\t<h5 class=\"mb-1\">SPS-Programmierer (m\/w\/d) <\/h5>\r\n\t\t\t\r\n\r\n\t\t\t\t<div class=\"mb-1 text-muted\">\r\n\t\t\t\t\t\r\n\t\t\t\t\t\t<i class=\"fa-solid fa-building\"><\/i>\r\n\t\t\t\t\t\tHARTING Applied Technologies GmbH\t\t\t\t\t \r\n\t\t\t\t\t\t<i class=\"fa-solid fa-location-dot\"><\/i>\r\n\t\t\t\t\t\tEspelkamp\t\t\t\t\t  \r\n\t\t\t\t\t\t<i class=\"fa-regular fa-clock\"><\/i>\r\n\t\t\t\t\t\t<time datetime=\"2026-05-07\">07.05.2026<\/time>\r\n                            <\/div>\r\n\t\t\t\r\n\t\t<\/div>\t\r\n\t<\/a>\t<a href=\"https:\/\/www.krafthand.de\/stellenmarkt\/inserat\/38553\/\" class=\"list-group-item list-group-item-action d-flex gap-2 align-items-start job-item post-38553 job_listing type-job_listing status-publish has-post-thumbnail hentry job_listing_type-vollzeit job-type-vollzeit job_listing_stepstone\"  data-id=\"listing-id-38553\" data-featured=\"\">\r\n\t\t\t\r\n\t\t\t\r\n\t\t\t<div class=\"company-logo object-fit-contain flex-shrink-0 ratio-4x3\" style=\"width: 100px; height: 100px;\">\r\n\t\t\t\t<img decoding=\"async\" class=\"company_logo\" src=\"https:\/\/www.krafthand.de\/stellenmarkt\/wp-content\/uploads\/2025\/03\/logoDEKRA-Arbeit-GmbH-296657DE-2210210857.gif\" alt=\"DEKRA Arbeit GmbH\" \/>\t\t\t<\/div>\r\n\t\t\t\r\n\t\t\t<div class=\"py-2\">\r\n\r\n\t\t\t\t<h5 class=\"mb-1\">Mechatroniker (m\/w\/d) R\u00fcstungsproduktion (21,71 \u20ac\/h) &#8211; Unterl\u00fc\u00df <\/h5>\r\n\t\t\t\r\n\r\n\t\t\t\t<div class=\"mb-1 text-muted\">\r\n\t\t\t\t\t\r\n\t\t\t\t\t\t<i class=\"fa-solid fa-building\"><\/i>\r\n\t\t\t\t\t\tDEKRA Arbeit GmbH\t\t\t\t\t \r\n\t\t\t\t\t\t<i class=\"fa-solid fa-location-dot\"><\/i>\r\n\t\t\t\t\t\tCelle\t\t\t\t\t  \r\n\t\t\t\t\t\t<i class=\"fa-regular fa-clock\"><\/i>\r\n\t\t\t\t\t\t<time datetime=\"2026-05-07\">07.05.2026<\/time>\r\n                            <\/div>\r\n\t\t\t\r\n\t\t<\/div>\t\r\n\t<\/a><\/div><\/div><nav aria-label=\"Page navigation\">\n\t<ul class=\"pagination justify-content-center pt-3\">\n\t\t\n\t\t<li class=\"page-item active\" aria-current=\"page\"><span class=\"page-link\">1<\/span><\/li><li class=\"page-item\"><a href=\"\/stellenmarkt\/wp-json\/wp\/v2\/pages\/6?_page=2\" data-page=\"2\" class=\"page-link\">2<\/a><\/li><li class=\"page-item\"><a href=\"\/stellenmarkt\/wp-json\/wp\/v2\/pages\/6?_page=3\" data-page=\"3\" class=\"page-link\">3<\/a><\/li><li class=\"page-item\"><a href=\"\/stellenmarkt\/wp-json\/wp\/v2\/pages\/6?_page=4\" data-page=\"4\" class=\"page-link\">4<\/a><\/li><li class=\"page-item disabled\"><span class=\"page-link\">...<\/span><\/li><li class=\"page-item\"><a href=\"\/stellenmarkt\/wp-json\/wp\/v2\/pages\/6?_page=308\" data-page=\"308\" class=\"page-link\">308<\/a><\/li><li class=\"page-item\"><a href=\"\/stellenmarkt\/wp-json\/wp\/v2\/pages\/6?_page=309\" data-page=\"309\" class=\"page-link\">309<\/a><\/li><li class=\"page-item\"><a href=\"\/stellenmarkt\/wp-json\/wp\/v2\/pages\/6?_page=310\" data-page=\"310\" class=\"page-link\">310<\/a><\/li>\n\t\t\t\t\t<li class=\"page-item\">\n\t\t\t\t<a class=\"page-link\" href=\"\" aria-label=\"Next\"  data-page=\"2\">\n\t\t\t\t\t<span aria-hidden=\"true\">&raquo;<\/span>\n\t\t\t\t<\/a>\n\t\t\t<\/li>\n\t\t\t<\/ul>\n<\/nav>\n<\/div>\n<\/div>\n","protected":false},"excerpt":{"rendered":"","protected":false},"author":1,"featured_media":0,"parent":0,"menu_order":0,"comment_status":"closed","ping_status":"closed","template":"page-no-title","meta":{"_seopress_robots_primary_cat":"","_seopress_titles_title":"","_seopress_titles_desc":"","_seopress_robots_index":"","footnotes":""},"class_list":["post-6","page","type-page","status-publish","hentry"],"_links":{"self":[{"href":"https:\/\/www.krafthand.de\/stellenmarkt\/wp-json\/wp\/v2\/pages\/6","targetHints":{"allow":["GET"]}}],"collection":[{"href":"https:\/\/www.krafthand.de\/stellenmarkt\/wp-json\/wp\/v2\/pages"}],"about":[{"href":"https:\/\/www.krafthand.de\/stellenmarkt\/wp-json\/wp\/v2\/types\/page"}],"author":[{"embeddable":true,"href":"https:\/\/www.krafthand.de\/stellenmarkt\/wp-json\/wp\/v2\/users\/1"}],"replies":[{"embeddable":true,"href":"https:\/\/www.krafthand.de\/stellenmarkt\/wp-json\/wp\/v2\/comments?post=6"}],"version-history":[{"count":5,"href":"https:\/\/www.krafthand.de\/stellenmarkt\/wp-json\/wp\/v2\/pages\/6\/revisions"}],"predecessor-version":[{"id":5966,"href":"https:\/\/www.krafthand.de\/stellenmarkt\/wp-json\/wp\/v2\/pages\/6\/revisions\/5966"}],"wp:attachment":[{"href":"https:\/\/www.krafthand.de\/stellenmarkt\/wp-json\/wp\/v2\/media?parent=6"}],"curies":[{"name":"wp","href":"https:\/\/api.w.org\/{rel}","templated":true}]}}