{"id":208,"date":"2021-06-28T07:55:59","date_gmt":"2021-06-28T05:55:59","guid":{"rendered":"http:\/\/fachbuch.krafthand-medien.net\/?page_id=208"},"modified":"2026-01-09T08:58:54","modified_gmt":"2026-01-09T07:58:54","slug":"impressum","status":"publish","type":"page","link":"https:\/\/www.krafthand.de\/fachbuch-digital\/impressum\/","title":{"rendered":"Impressum"},"content":{"rendered":"\t\t<div data-elementor-type=\"wp-page\" data-elementor-id=\"208\" class=\"elementor elementor-208\" data-elementor-post-type=\"page\">\n\t\t\t\t\t\t<section class=\"elementor-section elementor-top-section elementor-element elementor-element-1ece2d36 elementor-section-full_width elementor-section-height-default elementor-section-height-default\" data-id=\"1ece2d36\" data-element_type=\"section\" data-e-type=\"section\" data-settings=\"{&quot;background_background&quot;:&quot;classic&quot;}\">\n\t\t\t\t\t\t<div class=\"elementor-container elementor-column-gap-no\">\n\t\t\t\t\t<div class=\"elementor-column elementor-col-100 elementor-top-column elementor-element elementor-element-17047fce\" data-id=\"17047fce\" data-element_type=\"column\" data-e-type=\"column\">\n\t\t\t<div class=\"elementor-widget-wrap elementor-element-populated\">\n\t\t\t\t\t\t<section class=\"elementor-section elementor-inner-section elementor-element elementor-element-4e5dce6a elementor-section-boxed elementor-section-height-default elementor-section-height-default\" data-id=\"4e5dce6a\" data-element_type=\"section\" data-e-type=\"section\">\n\t\t\t\t\t\t<div class=\"elementor-container elementor-column-gap-default\">\n\t\t\t\t\t<div class=\"elementor-column elementor-col-100 elementor-inner-column elementor-element elementor-element-5fe178e9\" data-id=\"5fe178e9\" data-element_type=\"column\" data-e-type=\"column\">\n\t\t\t<div class=\"elementor-widget-wrap elementor-element-populated\">\n\t\t\t\t\t\t<div class=\"elementor-element elementor-element-88aa363 elementor-widget elementor-widget-text-editor\" data-id=\"88aa363\" data-element_type=\"widget\" data-e-type=\"widget\" data-widget_type=\"text-editor.default\">\n\t\t\t\t<div class=\"elementor-widget-container\">\n\t\t\t\t\t\t\t\t\t<h3><strong style=\"font-family: Roboto, sans-serif; font-size: var( --e-global-typography-text-font-size );\">Krafthand Medien GmbH<\/strong><\/h3>\n<p>Registergericht Memmingen HRB 51 48 | USt-IdNr.: DE 129 092 356<br>Walter-Schulz-Stra\u00dfe 1 | 86825 Bad W\u00f6rishofen<\/p>\n<p><strong>vertreten durch den Gesch\u00e4ftsf\u00fchrer&nbsp;<\/strong><b>Steffen Karpstein<\/b><\/p>\n<p>Tel. 08247\/3007-0<br>Fax 08247\/3007-70<br><a href=\"mailto:info@krafthand-medien.de\">info@krafthand-medien.de<\/a><br><a href=\"http:\/\/www.krafthand-medien.de\">www.krafthand-medien.de<\/a><\/p>\n<p><strong>Audiovisuelle Mediendienste <\/strong><\/p>\n<p>Sitzland: Deutschland<br>Zust\u00e4ndige Regulierungs-, bzw. Aufsichtsbeh\u00f6rde: Bayerische Landeszentrale f\u00fcr neue Medien<\/p>\t\t\t\t\t\t\t\t<\/div>\n\t\t\t\t<\/div>\n\t\t\t\t\t<\/div>\n\t\t<\/div>\n\t\t\t\t\t<\/div>\n\t\t<\/section>\n\t\t\t\t\t<\/div>\n\t\t<\/div>\n\t\t\t\t\t<\/div>\n\t\t<\/section>\n\t\t\t\t<\/div>\n\t\t","protected":false},"excerpt":{"rendered":"<p>Krafthand Medien GmbH Registergericht Memmingen HRB 51 48 | USt-IdNr.: DE 129 092 356Walter-Schulz-Stra\u00dfe 1 | 86825 Bad W\u00f6rishofen vertreten durch den Gesch\u00e4ftsf\u00fchrer&nbsp;Steffen Karpstein Tel. 08247\/3007-0Fax 08247\/3007-70info@krafthand-medien.dewww.krafthand-medien.de Audiovisuelle Mediendienste Sitzland: DeutschlandZust\u00e4ndige Regulierungs-, bzw. Aufsichtsbeh\u00f6rde: Bayerische Landeszentrale f\u00fcr neue Medien<\/p>\n","protected":false},"author":1,"featured_media":0,"parent":0,"menu_order":0,"comment_status":"closed","ping_status":"closed","template":"","meta":{"_seopress_robots_primary_cat":"","_seopress_titles_title":"","_seopress_titles_desc":"","_seopress_robots_index":"yes","footnotes":""},"class_list":["post-208","page","type-page","status-publish","hentry","wpbf-post"],"_links":{"self":[{"href":"https:\/\/www.krafthand.de\/fachbuch-digital\/wp-json\/wp\/v2\/pages\/208","targetHints":{"allow":["GET"]}}],"collection":[{"href":"https:\/\/www.krafthand.de\/fachbuch-digital\/wp-json\/wp\/v2\/pages"}],"about":[{"href":"https:\/\/www.krafthand.de\/fachbuch-digital\/wp-json\/wp\/v2\/types\/page"}],"author":[{"embeddable":true,"href":"https:\/\/www.krafthand.de\/fachbuch-digital\/wp-json\/wp\/v2\/users\/1"}],"replies":[{"embeddable":true,"href":"https:\/\/www.krafthand.de\/fachbuch-digital\/wp-json\/wp\/v2\/comments?post=208"}],"version-history":[{"count":16,"href":"https:\/\/www.krafthand.de\/fachbuch-digital\/wp-json\/wp\/v2\/pages\/208\/revisions"}],"predecessor-version":[{"id":1930,"href":"https:\/\/www.krafthand.de\/fachbuch-digital\/wp-json\/wp\/v2\/pages\/208\/revisions\/1930"}],"wp:attachment":[{"href":"https:\/\/www.krafthand.de\/fachbuch-digital\/wp-json\/wp\/v2\/media?parent=208"}],"curies":[{"name":"wp","href":"https:\/\/api.w.org\/{rel}","templated":true}]}}